{"id":1501,"date":"2024-12-29T19:05:29","date_gmt":"2024-12-29T19:05:29","guid":{"rendered":"https:\/\/earlyasd.eu\/web\/home-polski\/"},"modified":"2025-11-04T10:11:18","modified_gmt":"2025-11-04T10:11:18","slug":"home-polski","status":"publish","type":"page","link":"https:\/\/earlyasd.eu\/web\/pl\/home-polski\/","title":{"rendered":"Home &#8211; Polski"},"content":{"rendered":"\t\t<div data-elementor-type=\"wp-page\" data-elementor-id=\"1501\" class=\"elementor elementor-1501\">\n\t\t\t\t<div class=\"elementor-element elementor-element-10a72d4a e-con-full e-flex elementor-invisible e-con e-parent\" data-id=\"10a72d4a\" data-element_type=\"container\" data-settings=\"{&quot;background_background&quot;:&quot;classic&quot;,&quot;animation&quot;:&quot;fadeIn&quot;}\">\n\t\t<div class=\"elementor-element elementor-element-698e0f0f e-con-full e-flex e-con e-child\" data-id=\"698e0f0f\" data-element_type=\"container\">\n\t\t\t\t<div class=\"elementor-element elementor-element-67e5aa40 elementor-view-default elementor-widget elementor-widget-icon\" data-id=\"67e5aa40\" data-element_type=\"widget\" data-widget_type=\"icon.default\">\n\t\t\t\t<div class=\"elementor-widget-container\">\n\t\t\t\t\t<div class=\"elementor-icon-wrapper\">\n\t\t\t<div class=\"elementor-icon\">\n\t\t\t<svg aria-hidden=\"true\" class=\"e-font-icon-svg e-fas-long-arrow-alt-down\" viewBox=\"0 0 256 512\" xmlns=\"http:\/\/www.w3.org\/2000\/svg\"><path d=\"M168 345.941V44c0-6.627-5.373-12-12-12h-56c-6.627 0-12 5.373-12 12v301.941H41.941c-21.382 0-32.09 25.851-16.971 40.971l86.059 86.059c9.373 9.373 24.569 9.373 33.941 0l86.059-86.059c15.119-15.119 4.411-40.971-16.971-40.971H168z\"><\/path><\/svg>\t\t\t<\/div>\n\t\t<\/div>\n\t\t\t\t<\/div>\n\t\t\t\t<\/div>\n\t\t\t\t<\/div>\n\t\t\t\t<\/div>\n\t\t<div class=\"elementor-element elementor-element-60b9ed41 e-flex e-con-boxed e-con e-parent\" data-id=\"60b9ed41\" data-element_type=\"container\">\n\t\t\t\t\t<div class=\"e-con-inner\">\n\t\t<div class=\"elementor-element elementor-element-54d7675 e-con-full e-flex e-con e-child\" data-id=\"54d7675\" data-element_type=\"container\">\n\t\t\t\t<div class=\"elementor-element elementor-element-68b55b1 elementor-widget elementor-widget-heading\" data-id=\"68b55b1\" data-element_type=\"widget\" data-widget_type=\"heading.default\">\n\t\t\t\t<div class=\"elementor-widget-container\">\n\t\t\t<h5 class=\"elementor-heading-title elementor-size-default\">O nas<\/h5>\t\t<\/div>\n\t\t\t\t<\/div>\n\t\t\t\t<div class=\"elementor-element elementor-element-54370ae8 elementor-widget elementor-widget-heading\" data-id=\"54370ae8\" data-element_type=\"widget\" data-widget_type=\"heading.default\">\n\t\t\t\t<div class=\"elementor-widget-container\">\n\t\t\t<h2 class=\"elementor-heading-title elementor-size-default\">Upskilling Preservice Teachers to Support Young Children with Autism Spectrum Disorder through Digital Social Stories<\/h2>\t\t<\/div>\n\t\t\t\t<\/div>\n\t\t\t\t<div class=\"elementor-element elementor-element-6997d446 elementor-widget elementor-widget-text-editor\" data-id=\"6997d446\" data-element_type=\"widget\" data-widget_type=\"text-editor.default\">\n\t\t\t\t<div class=\"elementor-widget-container\">\n\t\t\t\t\t\t\t<p>2024-1-PL01-KA220-HED-000246304<\/p><p>EARLY-ASD to innowacyjny projekt Erasmus+, kt\u00f3rego celem jest wspieranie przysz\u0142ych nauczycieli w pracy z dzie\u0107mi ze spektrum autyzmu (ASD) poprzez strategie wczesnej interwencji. Skupiamy si\u0119 na rozwijaniu umiej\u0119tno\u015bci spo\u0142ecznych i emocjonalnych dzieci z ASD, wsp\u00f3\u0142pracuj\u0105c z do\u015bwiadczonymi partnerami z ca\u0142ej Europy. Razem tworzymy skuteczne i w\u0142\u0105czaj\u0105ce praktyki edukacyjne, kt\u00f3re odpowiadaj\u0105 na potrzeby dzieci i nauczycieli.<\/p>\t\t\t\t\t\t<\/div>\n\t\t\t\t<\/div>\n\t\t\t\t<div class=\"elementor-element elementor-element-36a846b9 elementor-widget elementor-widget-text-editor\" data-id=\"36a846b9\" data-element_type=\"widget\" data-widget_type=\"text-editor.default\">\n\t\t\t\t<div class=\"elementor-widget-container\">\n\t\t\t\t\t\t\t<p>Naszym wsp\u00f3lnym celem jest promowanie transformacji cyfrowej w edukacji, inkluzji i r\u00f3wnego dost\u0119pu do nauki, oraz doskona\u0142o\u015bci w kszta\u0142ceniu nauczycieli. Dzia\u0142amy na rzecz lepszej przysz\u0142o\u015bci \u2013 pe\u0142nej zrozumienia, empatii i nowoczesnych rozwi\u0105za\u0144 edukacyjnych.<\/p>\t\t\t\t\t\t<\/div>\n\t\t\t\t<\/div>\n\t\t\t\t<div class=\"elementor-element elementor-element-2ebb5fe5 elementor-align-center elementor-widget elementor-widget-button\" data-id=\"2ebb5fe5\" data-element_type=\"widget\" data-widget_type=\"button.default\">\n\t\t\t\t<div class=\"elementor-widget-container\">\n\t\t\t\t\t\t\t<div class=\"elementor-button-wrapper\">\n\t\t\t\t\t<a class=\"elementor-button elementor-button-link elementor-size-sm\" href=\"#\">\n\t\t\t\t\t\t<span class=\"elementor-button-content-wrapper\">\n\t\t\t\t\t\t\t\t\t<span class=\"elementor-button-text\">Dowiedz si\u0119 wi\u0119cej<\/span>\n\t\t\t\t\t<\/span>\n\t\t\t\t\t<\/a>\n\t\t\t\t<\/div>\n\t\t\t\t\t\t<\/div>\n\t\t\t\t<\/div>\n\t\t\t\t<\/div>\n\t\t\t\t\t<\/div>\n\t\t\t\t<\/div>\n\t\t<div class=\"elementor-element elementor-element-335939ec e-flex e-con-boxed e-con e-parent\" data-id=\"335939ec\" data-element_type=\"container\" data-settings=\"{&quot;background_background&quot;:&quot;classic&quot;}\">\n\t\t\t\t\t<div class=\"e-con-inner\">\n\t\t<div class=\"elementor-element elementor-element-3d4515dd e-con-full e-flex e-con e-child\" data-id=\"3d4515dd\" data-element_type=\"container\">\n\t\t\t\t<\/div>\n\t\t\t\t<div class=\"elementor-element elementor-element-159b061c elementor-widget elementor-widget-image-box\" data-id=\"159b061c\" data-element_type=\"widget\" data-widget_type=\"image-box.default\">\n\t\t\t\t<div class=\"elementor-widget-container\">\n\t\t\t<div class=\"elementor-image-box-wrapper\"><div class=\"elementor-image-box-content\"><h4 class=\"elementor-image-box-title\">Program kursu akademickiego<\/h4><p class=\"elementor-image-box-description\"><p><span lang=\"PT\" style=\"font-size:11.0pt;font-family:Roboto;\nmso-bidi-font-family:Calibri;mso-bidi-theme-font:minor-latin\">Celem projektu <b>EARLY-ASD <\/b>jest przygotowanie programu kursu akademickiego skupiaj\u0105cego si\u0119 na wczesnej interwencji wspieraj\u0105cej rozw\u00f3j kompetencji spo\u0142ecznych i emocjonalnych u dzieci z ASD. W ramach projektu powstan\u0105 cyfrowe historyjki spo\u0142eczne, odb\u0119dzie si\u0119 szkolenie przysz\u0142ych nauczycieli, a tak\u017ce zostanie wydany podr\u0119cznik.<\/span><\/p><h4 data-elementor-setting-key=\"title_text\" data-elementor-inline-editing-toolbar=\"none\" data-pen-placeholder=\"Buraya Yaz\u0131n...\" style=\"font-size: 1.41176rem; font-style: normal; outline-style: initial; outline-width: 0px;\">Strategie wczesnej interwencji oparte na dowodach naukowych<\/h4>Projekt EARLY-ASD dostarcza sprawdzone, oparte na dowodach naukowych strategie wczesnej interwencji, maj\u0105ce na celu wspieranie rozwoju spo\u0142ecznego i emocjonalnego ma\u0142ych dzieci z zaburzeniami ze spektrum autyzmu (ASD).<br><br><h4 data-elementor-setting-key=\"title_text\" data-elementor-inline-editing-toolbar=\"none\" data-pen-placeholder=\"Buraya Yaz\u0131n...\" style=\"font-size: 1.41176rem; font-style: normal; outline-style: initial; outline-width: 0px;\">Praktyczne wdro\u017cenie<\/h4>Projekt k\u0142adzie nacisk na szkolenie przysz\u0142ych nauczycieli w zakresie skutecznego wykorzystania cyfrowych historyjek spo\u0142ecznych w praktyce. Dzi\u0119ki pilota\u017cowym wdro\u017ceniom w plac\u00f3wkach przedszkolnych, EARLY-ASD d\u0105\u017cy do realnej poprawy w rozwoju spo\u0142eczno-emocjonalnym dzieci z ASD.<\/p><\/div><\/div>\t\t<\/div>\n\t\t\t\t<\/div>\n\t\t\t\t\t<\/div>\n\t\t\t\t<\/div>\n\t\t<div class=\"elementor-element elementor-element-15de7a15 e-flex e-con-boxed e-con e-parent\" data-id=\"15de7a15\" data-element_type=\"container\">\n\t\t\t\t\t<div class=\"e-con-inner\">\n\t\t<div class=\"elementor-element elementor-element-4774d2fd e-con-full e-flex e-con e-child\" data-id=\"4774d2fd\" data-element_type=\"container\">\n\t\t\t\t<div class=\"elementor-element elementor-element-44b27c53 elementor-widget elementor-widget-heading\" data-id=\"44b27c53\" data-element_type=\"widget\" data-widget_type=\"heading.default\">\n\t\t\t\t<div class=\"elementor-widget-container\">\n\t\t\t<h2 class=\"elementor-heading-title elementor-size-default\">Rezultaty projektu<\/h2>\t\t<\/div>\n\t\t\t\t<\/div>\n\t\t<div class=\"elementor-element elementor-element-39c75c2e e-flex e-con-boxed e-con e-child\" data-id=\"39c75c2e\" data-element_type=\"container\">\n\t\t\t\t\t<div class=\"e-con-inner\">\n\t\t\t\t<div class=\"elementor-element elementor-element-31f8234b elementor-widget__width-initial elementor-widget-mobile__width-inherit elementor-position-top elementor-widget elementor-widget-image-box\" data-id=\"31f8234b\" data-element_type=\"widget\" data-widget_type=\"image-box.default\">\n\t\t\t\t<div class=\"elementor-widget-container\">\n\t\t\t<div class=\"elementor-image-box-wrapper\"><figure class=\"elementor-image-box-img\"><img fetchpriority=\"high\" decoding=\"async\" width=\"974\" height=\"1260\" src=\"https:\/\/earlyasd.eu\/web\/wp-content\/uploads\/2024\/12\/EARLY-ASD-2tablet.png\" class=\"attachment-full size-full wp-image-1012\" alt=\"\" srcset=\"https:\/\/earlyasd.eu\/web\/wp-content\/uploads\/2024\/12\/EARLY-ASD-2tablet.png 974w, https:\/\/earlyasd.eu\/web\/wp-content\/uploads\/2024\/12\/EARLY-ASD-2tablet-232x300.png 232w, https:\/\/earlyasd.eu\/web\/wp-content\/uploads\/2024\/12\/EARLY-ASD-2tablet-792x1024.png 792w, https:\/\/earlyasd.eu\/web\/wp-content\/uploads\/2024\/12\/EARLY-ASD-2tablet-768x994.png 768w\" sizes=\"(max-width: 974px) 100vw, 974px\" \/><\/figure><div class=\"elementor-image-box-content\"><h4 class=\"elementor-image-box-title\">Program kursu<\/h4><p class=\"elementor-image-box-description\">Program kszta\u0142cenia akademickiego z ukierunkowaniem na wczesn\u0105 interwencj\u0119 w zakresie rozwoju umiej\u0119tno\u015bci spo\u0142ecznych i emocjonalnych u dzieci przedszkolnych ze spektrum autyzmu (ASD).<\/p><\/div><\/div>\t\t<\/div>\n\t\t\t\t<\/div>\n\t\t\t\t<div class=\"elementor-element elementor-element-3e639b1b elementor-widget__width-initial elementor-widget-mobile__width-inherit elementor-position-top elementor-widget elementor-widget-image-box\" data-id=\"3e639b1b\" data-element_type=\"widget\" data-widget_type=\"image-box.default\">\n\t\t\t\t<div class=\"elementor-widget-container\">\n\t\t\t<div class=\"elementor-image-box-wrapper\"><figure class=\"elementor-image-box-img\"><img decoding=\"async\" width=\"978\" height=\"1260\" src=\"https:\/\/earlyasd.eu\/web\/wp-content\/uploads\/2024\/12\/EARLY-ASD-4tablet.png\" class=\"attachment-full size-full wp-image-1018\" alt=\"\" srcset=\"https:\/\/earlyasd.eu\/web\/wp-content\/uploads\/2024\/12\/EARLY-ASD-4tablet.png 978w, https:\/\/earlyasd.eu\/web\/wp-content\/uploads\/2024\/12\/EARLY-ASD-4tablet-233x300.png 233w, https:\/\/earlyasd.eu\/web\/wp-content\/uploads\/2024\/12\/EARLY-ASD-4tablet-795x1024.png 795w, https:\/\/earlyasd.eu\/web\/wp-content\/uploads\/2024\/12\/EARLY-ASD-4tablet-768x989.png 768w\" sizes=\"(max-width: 978px) 100vw, 978px\" \/><\/figure><div class=\"elementor-image-box-content\"><h4 class=\"elementor-image-box-title\">Cyfrowe historyjki spo\u0142eczne <\/h4><p class=\"elementor-image-box-description\">Cyfrowe historyjki spo\u0142eczne przedstawiaj\u0105 sytuacje spo\u0142eczne w spos\u00f3b zrozumia\u0142y dla dzieci, wspieraj\u0105c rozw\u00f3j umiej\u0119tno\u015bci spo\u0142ecznych oraz pomagaj\u0105c w pokonywaniu trudno\u015bci w interakcjach spo\u0142ecznych.\n<\/p><\/div><\/div>\t\t<\/div>\n\t\t\t\t<\/div>\n\t\t\t\t<div class=\"elementor-element elementor-element-14db9cd7 elementor-widget__width-initial elementor-widget-mobile__width-inherit elementor-position-top elementor-widget elementor-widget-image-box\" data-id=\"14db9cd7\" data-element_type=\"widget\" data-widget_type=\"image-box.default\">\n\t\t\t\t<div class=\"elementor-widget-container\">\n\t\t\t<div class=\"elementor-image-box-wrapper\"><figure class=\"elementor-image-box-img\"><img decoding=\"async\" width=\"978\" height=\"1260\" src=\"https:\/\/earlyasd.eu\/web\/wp-content\/uploads\/2024\/12\/EARLY-ASD-5tablet.png\" class=\"attachment-full size-full wp-image-1019\" alt=\"\" srcset=\"https:\/\/earlyasd.eu\/web\/wp-content\/uploads\/2024\/12\/EARLY-ASD-5tablet.png 978w, https:\/\/earlyasd.eu\/web\/wp-content\/uploads\/2024\/12\/EARLY-ASD-5tablet-233x300.png 233w, https:\/\/earlyasd.eu\/web\/wp-content\/uploads\/2024\/12\/EARLY-ASD-5tablet-795x1024.png 795w, https:\/\/earlyasd.eu\/web\/wp-content\/uploads\/2024\/12\/EARLY-ASD-5tablet-768x989.png 768w\" sizes=\"(max-width: 978px) 100vw, 978px\" \/><\/figure><div class=\"elementor-image-box-content\"><h4 class=\"elementor-image-box-title\">Podr\u0119cznik<\/h4><p class=\"elementor-image-box-description\">Podr\u0119cznik: \"Jak wykorzystywa\u0107 cyfrowe historyjki spo\u0142eczne do wspierania rozwoju spo\u0142eczno-emocjonalnego dzieci z ASD?\"<\/p><\/div><\/div>\t\t<\/div>\n\t\t\t\t<\/div>\n\t\t\t\t\t<\/div>\n\t\t\t\t<\/div>\n\t\t\t\t<\/div>\n\t\t\t\t\t<\/div>\n\t\t\t\t<\/div>\n\t\t<div class=\"elementor-element elementor-element-30052323 e-flex e-con-boxed e-con e-parent\" data-id=\"30052323\" data-element_type=\"container\">\n\t\t\t\t\t<div class=\"e-con-inner\">\n\t\t\t\t<div class=\"elementor-element elementor-element-2aef75e9 elementor-widget elementor-widget-elementskit-back-to-top\" data-id=\"2aef75e9\" data-element_type=\"widget\" data-widget_type=\"elementskit-back-to-top.default\">\n\t\t\t\t<div class=\"elementor-widget-container\">\n\t\t\t<div class=\"ekit-wid-con\" >\t\t\t<div class=\"ekit-back-to-top-container ekit-btt icon_only\" data-settings=\"{&quot;offset_top&quot;:0,&quot;show_after&quot;:null,&quot;show_scroll&quot;:&quot;&quot;,&quot;style&quot;:&quot;icon_only&quot;,&quot;foreground&quot;:null,&quot;background&quot;:null}\"> \n\t\t\t\t<span class=\"ekit-btt__button \">\n\t\t\t\t\t<svg aria-hidden=\"true\" class=\"e-font-icon-svg e-fas-arrow-up\" viewBox=\"0 0 448 512\" xmlns=\"http:\/\/www.w3.org\/2000\/svg\"><path d=\"M34.9 289.5l-22.2-22.2c-9.4-9.4-9.4-24.6 0-33.9L207 39c9.4-9.4 24.6-9.4 33.9 0l194.3 194.3c9.4 9.4 9.4 24.6 0 33.9L413 289.4c-9.5 9.5-25 9.3-34.3-.4L264 168.6V456c0 13.3-10.7 24-24 24h-32c-13.3 0-24-10.7-24-24V168.6L69.2 289.1c-9.3 9.8-24.8 10-34.3.4z\"><\/path><\/svg>\t\t\t\t<\/span>\n\t\t\t<\/div>\n\t\t<\/div>\t\t<\/div>\n\t\t\t\t<\/div>\n\t\t\t\t\t<\/div>\n\t\t\t\t<\/div>\n\t\t\t\t<\/div>\n\t\t","protected":false},"excerpt":{"rendered":"<p>O nas Upskilling Preservice Teachers to Support Young Children with Autism Spectrum Disorder through Digital Social Stories 2024-1-PL01-KA220-HED-000246304 EARLY-ASD to innowacyjny projekt Erasmus+, kt\u00f3rego celem jest wspieranie przysz\u0142ych nauczycieli w pracy z dzie\u0107mi ze spektrum autyzmu (ASD) poprzez strategie wczesnej interwencji. Skupiamy si\u0119 na rozwijaniu umiej\u0119tno\u015bci spo\u0142ecznych i emocjonalnych dzieci z ASD, wsp\u00f3\u0142pracuj\u0105c z do\u015bwiadczonymi [&hellip;]<\/p>\n","protected":false},"author":3,"featured_media":0,"parent":0,"menu_order":0,"comment_status":"closed","ping_status":"closed","template":"","meta":{"site-sidebar-layout":"no-sidebar","site-content-layout":"page-builder","ast-site-content-layout":"full-width-container","site-content-style":"unboxed","site-sidebar-style":"unboxed","ast-global-header-display":"","ast-banner-title-visibility":"","ast-main-header-display":"","ast-hfb-above-header-display":"","ast-hfb-below-header-display":"","ast-hfb-mobile-header-display":"","site-post-title":"disabled","ast-breadcrumbs-content":"","ast-featured-img":"disabled","footer-sml-layout":"","theme-transparent-header-meta":"enabled","adv-header-id-meta":"","stick-header-meta":"","header-above-stick-meta":"","header-main-stick-meta":"","header-below-stick-meta":"","astra-migrate-meta-layouts":"set","ast-page-background-enabled":"default","ast-page-background-meta":{"desktop":{"background-color":"","background-image":"","background-repeat":"repeat","background-position":"center center","background-size":"auto","background-attachment":"scroll","background-type":"","background-media":"","overlay-type":"","overlay-color":"","overlay-opacity":"","overlay-gradient":""},"tablet":{"background-color":"","background-image":"","background-repeat":"repeat","background-position":"center center","background-size":"auto","background-attachment":"scroll","background-type":"","background-media":"","overlay-type":"","overlay-color":"","overlay-opacity":"","overlay-gradient":""},"mobile":{"background-color":"","background-image":"","background-repeat":"repeat","background-position":"center center","background-size":"auto","background-attachment":"scroll","background-type":"","background-media":"","overlay-type":"","overlay-color":"","overlay-opacity":"","overlay-gradient":""}},"ast-content-background-meta":{"desktop":{"background-color":"var(--ast-global-color-5)","background-image":"","background-repeat":"repeat","background-position":"center center","background-size":"auto","background-attachment":"scroll","background-type":"","background-media":"","overlay-type":"","overlay-color":"","overlay-opacity":"","overlay-gradient":""},"tablet":{"background-color":"var(--ast-global-color-5)","background-image":"","background-repeat":"repeat","background-position":"center center","background-size":"auto","background-attachment":"scroll","background-type":"","background-media":"","overlay-type":"","overlay-color":"","overlay-opacity":"","overlay-gradient":""},"mobile":{"background-color":"var(--ast-global-color-5)","background-image":"","background-repeat":"repeat","background-position":"center center","background-size":"auto","background-attachment":"scroll","background-type":"","background-media":"","overlay-type":"","overlay-color":"","overlay-opacity":"","overlay-gradient":""}},"footnotes":""},"class_list":["post-1501","page","type-page","status-publish","hentry"],"_links":{"self":[{"href":"https:\/\/earlyasd.eu\/web\/wp-json\/wp\/v2\/pages\/1501","targetHints":{"allow":["GET"]}}],"collection":[{"href":"https:\/\/earlyasd.eu\/web\/wp-json\/wp\/v2\/pages"}],"about":[{"href":"https:\/\/earlyasd.eu\/web\/wp-json\/wp\/v2\/types\/page"}],"author":[{"embeddable":true,"href":"https:\/\/earlyasd.eu\/web\/wp-json\/wp\/v2\/users\/3"}],"replies":[{"embeddable":true,"href":"https:\/\/earlyasd.eu\/web\/wp-json\/wp\/v2\/comments?post=1501"}],"version-history":[{"count":16,"href":"https:\/\/earlyasd.eu\/web\/wp-json\/wp\/v2\/pages\/1501\/revisions"}],"predecessor-version":[{"id":2291,"href":"https:\/\/earlyasd.eu\/web\/wp-json\/wp\/v2\/pages\/1501\/revisions\/2291"}],"wp:attachment":[{"href":"https:\/\/earlyasd.eu\/web\/wp-json\/wp\/v2\/media?parent=1501"}],"curies":[{"name":"wp","href":"https:\/\/api.w.org\/{rel}","templated":true}]}}