{"id":1502,"date":"2024-12-29T19:05:29","date_gmt":"2024-12-29T19:05:29","guid":{"rendered":"https:\/\/earlyasd.eu\/web\/home-romana\/"},"modified":"2025-11-04T09:52:01","modified_gmt":"2025-11-04T09:52:01","slug":"home-romana","status":"publish","type":"page","link":"https:\/\/earlyasd.eu\/web\/ro\/home-romana\/","title":{"rendered":"Home &#8211; Rom\u00e2n\u0103"},"content":{"rendered":"\t\t<div data-elementor-type=\"wp-page\" data-elementor-id=\"1502\" class=\"elementor elementor-1502\">\n\t\t\t\t<div class=\"elementor-element elementor-element-21e6a9b8 e-con-full e-flex elementor-invisible e-con e-parent\" data-id=\"21e6a9b8\" data-element_type=\"container\" data-settings=\"{&quot;background_background&quot;:&quot;classic&quot;,&quot;animation&quot;:&quot;fadeIn&quot;}\">\n\t\t<div class=\"elementor-element elementor-element-67fb7331 e-con-full e-flex e-con e-child\" data-id=\"67fb7331\" data-element_type=\"container\">\n\t\t\t\t<div class=\"elementor-element elementor-element-5aacafc9 elementor-view-default elementor-widget elementor-widget-icon\" data-id=\"5aacafc9\" data-element_type=\"widget\" data-widget_type=\"icon.default\">\n\t\t\t\t<div class=\"elementor-widget-container\">\n\t\t\t\t\t<div class=\"elementor-icon-wrapper\">\n\t\t\t<div class=\"elementor-icon\">\n\t\t\t<svg aria-hidden=\"true\" class=\"e-font-icon-svg e-fas-long-arrow-alt-down\" viewBox=\"0 0 256 512\" xmlns=\"http:\/\/www.w3.org\/2000\/svg\"><path d=\"M168 345.941V44c0-6.627-5.373-12-12-12h-56c-6.627 0-12 5.373-12 12v301.941H41.941c-21.382 0-32.09 25.851-16.971 40.971l86.059 86.059c9.373 9.373 24.569 9.373 33.941 0l86.059-86.059c15.119-15.119 4.411-40.971-16.971-40.971H168z\"><\/path><\/svg>\t\t\t<\/div>\n\t\t<\/div>\n\t\t\t\t<\/div>\n\t\t\t\t<\/div>\n\t\t\t\t<\/div>\n\t\t\t\t<\/div>\n\t\t<div class=\"elementor-element elementor-element-64fc821 e-flex e-con-boxed e-con e-parent\" data-id=\"64fc821\" data-element_type=\"container\">\n\t\t\t\t\t<div class=\"e-con-inner\">\n\t\t<div class=\"elementor-element elementor-element-7b03abfa e-con-full e-flex e-con e-child\" data-id=\"7b03abfa\" data-element_type=\"container\">\n\t\t\t\t<div class=\"elementor-element elementor-element-7dbfd154 elementor-widget elementor-widget-heading\" data-id=\"7dbfd154\" data-element_type=\"widget\" data-widget_type=\"heading.default\">\n\t\t\t\t<div class=\"elementor-widget-container\">\n\t\t\t<h5 class=\"elementor-heading-title elementor-size-default\">Despre noi<\/h5>\t\t<\/div>\n\t\t\t\t<\/div>\n\t\t\t\t<div class=\"elementor-element elementor-element-35bcbe80 elementor-widget elementor-widget-heading\" data-id=\"35bcbe80\" data-element_type=\"widget\" data-widget_type=\"heading.default\">\n\t\t\t\t<div class=\"elementor-widget-container\">\n\t\t\t<h2 class=\"elementor-heading-title elementor-size-default\">Perfec\u021bionarea Profesorilor pentru a Sprijini Copiii Mici cu Tulbur\u0103ri de Spectru Autist prin Pove\u0219ti Sociale Digitale<\/h2>\t\t<\/div>\n\t\t\t\t<\/div>\n\t\t\t\t<div class=\"elementor-element elementor-element-2e22cbd5 elementor-widget elementor-widget-text-editor\" data-id=\"2e22cbd5\" data-element_type=\"widget\" data-widget_type=\"text-editor.default\">\n\t\t\t\t<div class=\"elementor-widget-container\">\n\t\t\t\t\t\t\t<p>2024-1-PL01-KA220-HED-000246304<\/p><p>EARLY-ASD este un proiect Erasmus+ inovator care vizeaz\u0103 capacitarea cadrelor didactice pentru a sprijini copiii mici cu tulbur\u0103ri din spectrul autist (TSA) prin strategii de interven\u021bie timpurie. Proiectul se concentreaz\u0103 pe \u00eembun\u0103t\u0103\u021birea abilit\u0103\u021bilor sociale \u0219i emo\u021bionale ale copiilor cu TSA prin reunirea partenerilor cu experien\u021b\u0103 din \u00eentreaga Europ\u0103 pentru a asigura practici educa\u021bionale incluzive \u0219i eficiente.<\/p>\t\t\t\t\t\t<\/div>\n\t\t\t\t<\/div>\n\t\t\t\t<div class=\"elementor-element elementor-element-647c8a46 elementor-widget elementor-widget-text-editor\" data-id=\"647c8a46\" data-element_type=\"widget\" data-widget_type=\"text-editor.default\">\n\t\t\t\t<div class=\"elementor-widget-container\">\n\t\t\t\t\t\t\t<p>\u00cempreun\u0103, ne str\u0103duim s\u0103 promov\u0103m transformarea digital\u0103, incluziunea \u0219i excelen\u021ba \u00een formarea profesorilor pentru un viitor mai bun.<\/p>\t\t\t\t\t\t<\/div>\n\t\t\t\t<\/div>\n\t\t\t\t<div class=\"elementor-element elementor-element-2b250b9b elementor-align-center elementor-widget elementor-widget-button\" data-id=\"2b250b9b\" data-element_type=\"widget\" data-widget_type=\"button.default\">\n\t\t\t\t<div class=\"elementor-widget-container\">\n\t\t\t\t\t\t\t<div class=\"elementor-button-wrapper\">\n\t\t\t\t\t<a class=\"elementor-button elementor-button-link elementor-size-sm\" href=\"#\">\n\t\t\t\t\t\t<span class=\"elementor-button-content-wrapper\">\n\t\t\t\t\t\t\t\t\t<span class=\"elementor-button-text\">Afl\u0103 mai multe<\/span>\n\t\t\t\t\t<\/span>\n\t\t\t\t\t<\/a>\n\t\t\t\t<\/div>\n\t\t\t\t\t\t<\/div>\n\t\t\t\t<\/div>\n\t\t\t\t<\/div>\n\t\t\t\t\t<\/div>\n\t\t\t\t<\/div>\n\t\t<div class=\"elementor-element elementor-element-359fd5b7 e-flex e-con-boxed e-con e-parent\" data-id=\"359fd5b7\" data-element_type=\"container\" data-settings=\"{&quot;background_background&quot;:&quot;classic&quot;}\">\n\t\t\t\t\t<div class=\"e-con-inner\">\n\t\t<div class=\"elementor-element elementor-element-46e7da8f e-con-full e-flex e-con e-child\" data-id=\"46e7da8f\" data-element_type=\"container\">\n\t\t\t\t<\/div>\n\t\t\t\t<div class=\"elementor-element elementor-element-68aec7f9 elementor-widget elementor-widget-image-box\" data-id=\"68aec7f9\" data-element_type=\"widget\" data-widget_type=\"image-box.default\">\n\t\t\t\t<div class=\"elementor-widget-container\">\n\t\t\t<div class=\"elementor-image-box-wrapper\"><div class=\"elementor-image-box-content\"><h4 class=\"elementor-image-box-title\">Curriculumul cursurilor de \u00eenv\u0103\u021b\u0103m\u00e2nt superior<\/h4><p class=\"elementor-image-box-description\">EARLY-ASD \u00ee\u0219i propune s\u0103 dezvolte un curriculum de curs pentru \u00eenv\u0103\u021b\u0103m\u00e2ntul superior cu un accent specific pe interven\u021bia timpurie \u00een dezvoltarea abilit\u0103\u021bilor sociale \u0219i emo\u021bionale ale copiilor mici cu TSA prin crearea de pove\u0219ti sociale digitale \u0219i formarea profesorilor care vor preda copiilor mici \u0219i dezvoltarea unui manual care va servi drept ghid practic.<br><br><h4 data-elementor-setting-key=\"title_text\" data-elementor-inline-editing-toolbar=\"none\" data-pen-placeholder=\"Buraya Yaz\u0131n...\" style=\"font-size: 1.41176rem; font-style: normal; outline-style: initial; outline-width: 0px;\">Strategii de interven\u021bie timpurie bazate pe dovezi<\/h4>Proiectul EARLY-ASD \u00ee\u0219i propune s\u0103 ofere strategii de interven\u021bie timpurie bazate pe dovezi pentru a sprijini dezvoltarea social\u0103 \u0219i emo\u021bional\u0103 a copiilor mici cu tulburare de spectru autist (TSA).<br><br><h4 data-elementor-setting-key=\"title_text\" data-elementor-inline-editing-toolbar=\"none\" data-pen-placeholder=\"Buraya Yaz\u0131n...\" style=\"font-size: 1.41176rem; font-style: normal; outline-style: initial; outline-width: 0px;\">Implementare <\/h4>Proiectul se concentreaz\u0103, de asemenea, pe formarea profesorilor \u00een curs de formare pentru a aplica eficient pove\u0219tile sociale digitale, asigur\u00e2nd implementarea practic\u0103. Printr-un proces de pilotare structurat \u00een medii pre\u0219colare, EARLY-ASD urm\u0103re\u0219te s\u0103 \u00eembun\u0103t\u0103\u021beasc\u0103 dezvoltarea social\u0103 \u0219i emo\u021bional\u0103 a copiilor cu TSA.<\/p><\/div><\/div>\t\t<\/div>\n\t\t\t\t<\/div>\n\t\t\t\t\t<\/div>\n\t\t\t\t<\/div>\n\t\t<div class=\"elementor-element elementor-element-32910b1f e-flex e-con-boxed e-con e-parent\" data-id=\"32910b1f\" data-element_type=\"container\">\n\t\t\t\t\t<div class=\"e-con-inner\">\n\t\t<div class=\"elementor-element elementor-element-17c2bc72 e-con-full e-flex e-con e-child\" data-id=\"17c2bc72\" data-element_type=\"container\">\n\t\t\t\t<div class=\"elementor-element elementor-element-46efc3da elementor-widget elementor-widget-heading\" data-id=\"46efc3da\" data-element_type=\"widget\" data-widget_type=\"heading.default\">\n\t\t\t\t<div class=\"elementor-widget-container\">\n\t\t\t<h2 class=\"elementor-heading-title elementor-size-default\">Rezultatele proiectului<\/h2>\t\t<\/div>\n\t\t\t\t<\/div>\n\t\t<div class=\"elementor-element elementor-element-c617dce e-flex e-con-boxed e-con e-child\" data-id=\"c617dce\" data-element_type=\"container\">\n\t\t\t\t\t<div class=\"e-con-inner\">\n\t\t\t\t<div class=\"elementor-element elementor-element-2ca25890 elementor-widget__width-initial elementor-widget-mobile__width-inherit elementor-position-top elementor-widget elementor-widget-image-box\" data-id=\"2ca25890\" data-element_type=\"widget\" data-widget_type=\"image-box.default\">\n\t\t\t\t<div class=\"elementor-widget-container\">\n\t\t\t<div class=\"elementor-image-box-wrapper\"><figure class=\"elementor-image-box-img\"><img fetchpriority=\"high\" decoding=\"async\" width=\"974\" height=\"1260\" src=\"https:\/\/earlyasd.eu\/web\/wp-content\/uploads\/2024\/12\/EARLY-ASD-2tablet.png\" class=\"attachment-full size-full wp-image-1012\" alt=\"\" srcset=\"https:\/\/earlyasd.eu\/web\/wp-content\/uploads\/2024\/12\/EARLY-ASD-2tablet.png 974w, https:\/\/earlyasd.eu\/web\/wp-content\/uploads\/2024\/12\/EARLY-ASD-2tablet-232x300.png 232w, https:\/\/earlyasd.eu\/web\/wp-content\/uploads\/2024\/12\/EARLY-ASD-2tablet-792x1024.png 792w, https:\/\/earlyasd.eu\/web\/wp-content\/uploads\/2024\/12\/EARLY-ASD-2tablet-768x994.png 768w\" sizes=\"(max-width: 974px) 100vw, 974px\" \/><\/figure><div class=\"elementor-image-box-content\"><h4 class=\"elementor-image-box-title\">Curriculumul cursului<\/h4><p class=\"elementor-image-box-description\">Curriculumul cursului pentru \u00eenv\u0103\u021b\u0103m\u00e2ntul superior cu accent specific pe interven\u021bia timpurie \u00een dezvoltarea abilit\u0103\u021bilor sociale \u0219i emo\u021bionale ale copiilor pre\u0219colari cu TSA<\/p><\/div><\/div>\t\t<\/div>\n\t\t\t\t<\/div>\n\t\t\t\t<div class=\"elementor-element elementor-element-511905e1 elementor-widget__width-initial elementor-widget-mobile__width-inherit elementor-position-top elementor-widget elementor-widget-image-box\" data-id=\"511905e1\" data-element_type=\"widget\" data-widget_type=\"image-box.default\">\n\t\t\t\t<div class=\"elementor-widget-container\">\n\t\t\t<div class=\"elementor-image-box-wrapper\"><figure class=\"elementor-image-box-img\"><img decoding=\"async\" width=\"978\" height=\"1260\" src=\"https:\/\/earlyasd.eu\/web\/wp-content\/uploads\/2024\/12\/EARLY-ASD-4tablet.png\" class=\"attachment-full size-full wp-image-1018\" alt=\"\" srcset=\"https:\/\/earlyasd.eu\/web\/wp-content\/uploads\/2024\/12\/EARLY-ASD-4tablet.png 978w, https:\/\/earlyasd.eu\/web\/wp-content\/uploads\/2024\/12\/EARLY-ASD-4tablet-233x300.png 233w, https:\/\/earlyasd.eu\/web\/wp-content\/uploads\/2024\/12\/EARLY-ASD-4tablet-795x1024.png 795w, https:\/\/earlyasd.eu\/web\/wp-content\/uploads\/2024\/12\/EARLY-ASD-4tablet-768x989.png 768w\" sizes=\"(max-width: 978px) 100vw, 978px\" \/><\/figure><div class=\"elementor-image-box-content\"><h4 class=\"elementor-image-box-title\">Pove\u0219ti sociale digitale<\/h4><p class=\"elementor-image-box-description\">Pove\u0219ti sociale digitale, explic\u00e2nd situa\u021bii sociale \u00een moduri inteligibile, pred\u00e2nd abilit\u0103\u021bi sociale \u0219i ajut\u00e2nd copiii s\u0103 fac\u0103 fa\u021b\u0103 dificult\u0103\u021bilor \u00een situa\u021bii sociale\n<\/p><\/div><\/div>\t\t<\/div>\n\t\t\t\t<\/div>\n\t\t\t\t<div class=\"elementor-element elementor-element-479b9787 elementor-widget__width-initial elementor-widget-mobile__width-inherit elementor-position-top elementor-widget elementor-widget-image-box\" data-id=\"479b9787\" data-element_type=\"widget\" data-widget_type=\"image-box.default\">\n\t\t\t\t<div class=\"elementor-widget-container\">\n\t\t\t<div class=\"elementor-image-box-wrapper\"><figure class=\"elementor-image-box-img\"><img decoding=\"async\" width=\"978\" height=\"1260\" src=\"https:\/\/earlyasd.eu\/web\/wp-content\/uploads\/2024\/12\/EARLY-ASD-5tablet.png\" class=\"attachment-full size-full wp-image-1019\" alt=\"\" srcset=\"https:\/\/earlyasd.eu\/web\/wp-content\/uploads\/2024\/12\/EARLY-ASD-5tablet.png 978w, https:\/\/earlyasd.eu\/web\/wp-content\/uploads\/2024\/12\/EARLY-ASD-5tablet-233x300.png 233w, https:\/\/earlyasd.eu\/web\/wp-content\/uploads\/2024\/12\/EARLY-ASD-5tablet-795x1024.png 795w, https:\/\/earlyasd.eu\/web\/wp-content\/uploads\/2024\/12\/EARLY-ASD-5tablet-768x989.png 768w\" sizes=\"(max-width: 978px) 100vw, 978px\" \/><\/figure><div class=\"elementor-image-box-content\"><h4 class=\"elementor-image-box-title\">Ghid Practic<\/h4><p class=\"elementor-image-box-description\">Ghid practic \"Cum s\u0103 folose\u0219ti pove\u0219tile sociale digitale pentru dezvoltarea social\u0103 \u0219i emo\u021bional\u0103 a copiilor cu TSA?\"<\/p><\/div><\/div>\t\t<\/div>\n\t\t\t\t<\/div>\n\t\t\t\t\t<\/div>\n\t\t\t\t<\/div>\n\t\t\t\t<\/div>\n\t\t\t\t\t<\/div>\n\t\t\t\t<\/div>\n\t\t<div class=\"elementor-element elementor-element-69a6315b e-flex e-con-boxed e-con e-parent\" data-id=\"69a6315b\" data-element_type=\"container\">\n\t\t\t\t\t<div class=\"e-con-inner\">\n\t\t\t\t<div class=\"elementor-element elementor-element-4df873ec elementor-widget elementor-widget-elementskit-back-to-top\" data-id=\"4df873ec\" data-element_type=\"widget\" data-widget_type=\"elementskit-back-to-top.default\">\n\t\t\t\t<div class=\"elementor-widget-container\">\n\t\t\t<div class=\"ekit-wid-con\" >\t\t\t<div class=\"ekit-back-to-top-container ekit-btt icon_only\" data-settings=\"{&quot;offset_top&quot;:0,&quot;show_after&quot;:null,&quot;show_scroll&quot;:&quot;&quot;,&quot;style&quot;:&quot;icon_only&quot;,&quot;foreground&quot;:null,&quot;background&quot;:null}\"> \n\t\t\t\t<span class=\"ekit-btt__button \">\n\t\t\t\t\t<svg aria-hidden=\"true\" class=\"e-font-icon-svg e-fas-arrow-up\" viewBox=\"0 0 448 512\" xmlns=\"http:\/\/www.w3.org\/2000\/svg\"><path d=\"M34.9 289.5l-22.2-22.2c-9.4-9.4-9.4-24.6 0-33.9L207 39c9.4-9.4 24.6-9.4 33.9 0l194.3 194.3c9.4 9.4 9.4 24.6 0 33.9L413 289.4c-9.5 9.5-25 9.3-34.3-.4L264 168.6V456c0 13.3-10.7 24-24 24h-32c-13.3 0-24-10.7-24-24V168.6L69.2 289.1c-9.3 9.8-24.8 10-34.3.4z\"><\/path><\/svg>\t\t\t\t<\/span>\n\t\t\t<\/div>\n\t\t<\/div>\t\t<\/div>\n\t\t\t\t<\/div>\n\t\t\t\t\t<\/div>\n\t\t\t\t<\/div>\n\t\t\t\t<\/div>\n\t\t","protected":false},"excerpt":{"rendered":"<p>Despre noi Perfec\u021bionarea Profesorilor pentru a Sprijini Copiii Mici cu Tulbur\u0103ri de Spectru Autist prin Pove\u0219ti Sociale Digitale 2024-1-PL01-KA220-HED-000246304 EARLY-ASD este un proiect Erasmus+ inovator care vizeaz\u0103 capacitarea cadrelor didactice pentru a sprijini copiii mici cu tulbur\u0103ri din spectrul autist (TSA) prin strategii de interven\u021bie timpurie. Proiectul se concentreaz\u0103 pe \u00eembun\u0103t\u0103\u021birea abilit\u0103\u021bilor sociale \u0219i emo\u021bionale [&hellip;]<\/p>\n","protected":false},"author":3,"featured_media":0,"parent":0,"menu_order":0,"comment_status":"closed","ping_status":"closed","template":"","meta":{"site-sidebar-layout":"no-sidebar","site-content-layout":"page-builder","ast-site-content-layout":"full-width-container","site-content-style":"unboxed","site-sidebar-style":"unboxed","ast-global-header-display":"","ast-banner-title-visibility":"","ast-main-header-display":"","ast-hfb-above-header-display":"","ast-hfb-below-header-display":"","ast-hfb-mobile-header-display":"","site-post-title":"disabled","ast-breadcrumbs-content":"","ast-featured-img":"disabled","footer-sml-layout":"","theme-transparent-header-meta":"enabled","adv-header-id-meta":"","stick-header-meta":"","header-above-stick-meta":"","header-main-stick-meta":"","header-below-stick-meta":"","astra-migrate-meta-layouts":"set","ast-page-background-enabled":"default","ast-page-background-meta":{"desktop":{"background-color":"","background-image":"","background-repeat":"repeat","background-position":"center center","background-size":"auto","background-attachment":"scroll","background-type":"","background-media":"","overlay-type":"","overlay-color":"","overlay-opacity":"","overlay-gradient":""},"tablet":{"background-color":"","background-image":"","background-repeat":"repeat","background-position":"center center","background-size":"auto","background-attachment":"scroll","background-type":"","background-media":"","overlay-type":"","overlay-color":"","overlay-opacity":"","overlay-gradient":""},"mobile":{"background-color":"","background-image":"","background-repeat":"repeat","background-position":"center center","background-size":"auto","background-attachment":"scroll","background-type":"","background-media":"","overlay-type":"","overlay-color":"","overlay-opacity":"","overlay-gradient":""}},"ast-content-background-meta":{"desktop":{"background-color":"var(--ast-global-color-5)","background-image":"","background-repeat":"repeat","background-position":"center center","background-size":"auto","background-attachment":"scroll","background-type":"","background-media":"","overlay-type":"","overlay-color":"","overlay-opacity":"","overlay-gradient":""},"tablet":{"background-color":"var(--ast-global-color-5)","background-image":"","background-repeat":"repeat","background-position":"center center","background-size":"auto","background-attachment":"scroll","background-type":"","background-media":"","overlay-type":"","overlay-color":"","overlay-opacity":"","overlay-gradient":""},"mobile":{"background-color":"var(--ast-global-color-5)","background-image":"","background-repeat":"repeat","background-position":"center center","background-size":"auto","background-attachment":"scroll","background-type":"","background-media":"","overlay-type":"","overlay-color":"","overlay-opacity":"","overlay-gradient":""}},"footnotes":""},"class_list":["post-1502","page","type-page","status-publish","hentry"],"_links":{"self":[{"href":"https:\/\/earlyasd.eu\/web\/wp-json\/wp\/v2\/pages\/1502","targetHints":{"allow":["GET"]}}],"collection":[{"href":"https:\/\/earlyasd.eu\/web\/wp-json\/wp\/v2\/pages"}],"about":[{"href":"https:\/\/earlyasd.eu\/web\/wp-json\/wp\/v2\/types\/page"}],"author":[{"embeddable":true,"href":"https:\/\/earlyasd.eu\/web\/wp-json\/wp\/v2\/users\/3"}],"replies":[{"embeddable":true,"href":"https:\/\/earlyasd.eu\/web\/wp-json\/wp\/v2\/comments?post=1502"}],"version-history":[{"count":10,"href":"https:\/\/earlyasd.eu\/web\/wp-json\/wp\/v2\/pages\/1502\/revisions"}],"predecessor-version":[{"id":2279,"href":"https:\/\/earlyasd.eu\/web\/wp-json\/wp\/v2\/pages\/1502\/revisions\/2279"}],"wp:attachment":[{"href":"https:\/\/earlyasd.eu\/web\/wp-json\/wp\/v2\/media?parent=1502"}],"curies":[{"name":"wp","href":"https:\/\/api.w.org\/{rel}","templated":true}]}}