{"id":1503,"date":"2024-12-29T19:05:29","date_gmt":"2024-12-29T19:05:29","guid":{"rendered":"https:\/\/earlyasd.eu\/web\/home-turkce\/"},"modified":"2025-10-29T15:02:44","modified_gmt":"2025-10-29T15:02:44","slug":"home-turkce","status":"publish","type":"page","link":"https:\/\/earlyasd.eu\/web\/tr\/home-turkce\/","title":{"rendered":"Home &#8211; T\u00fcrk\u00e7e"},"content":{"rendered":"\t\t<div data-elementor-type=\"wp-page\" data-elementor-id=\"1503\" class=\"elementor elementor-1503\">\n\t\t\t\t<div class=\"elementor-element elementor-element-2cb08f47 e-con-full e-flex elementor-invisible e-con e-parent\" data-id=\"2cb08f47\" data-element_type=\"container\" data-settings=\"{&quot;background_background&quot;:&quot;classic&quot;,&quot;animation&quot;:&quot;fadeIn&quot;}\">\n\t\t<div class=\"elementor-element elementor-element-288f9ad5 e-con-full e-flex e-con e-child\" data-id=\"288f9ad5\" data-element_type=\"container\">\n\t\t\t\t<div class=\"elementor-element elementor-element-3bd36825 elementor-view-default elementor-widget elementor-widget-icon\" data-id=\"3bd36825\" data-element_type=\"widget\" data-widget_type=\"icon.default\">\n\t\t\t\t<div class=\"elementor-widget-container\">\n\t\t\t\t\t<div class=\"elementor-icon-wrapper\">\n\t\t\t<div class=\"elementor-icon\">\n\t\t\t<svg aria-hidden=\"true\" class=\"e-font-icon-svg e-fas-long-arrow-alt-down\" viewBox=\"0 0 256 512\" xmlns=\"http:\/\/www.w3.org\/2000\/svg\"><path d=\"M168 345.941V44c0-6.627-5.373-12-12-12h-56c-6.627 0-12 5.373-12 12v301.941H41.941c-21.382 0-32.09 25.851-16.971 40.971l86.059 86.059c9.373 9.373 24.569 9.373 33.941 0l86.059-86.059c15.119-15.119 4.411-40.971-16.971-40.971H168z\"><\/path><\/svg>\t\t\t<\/div>\n\t\t<\/div>\n\t\t\t\t<\/div>\n\t\t\t\t<\/div>\n\t\t\t\t<\/div>\n\t\t\t\t<\/div>\n\t\t<div class=\"elementor-element elementor-element-1a55a9d8 e-flex e-con-boxed e-con e-parent\" data-id=\"1a55a9d8\" data-element_type=\"container\">\n\t\t\t\t\t<div class=\"e-con-inner\">\n\t\t<div class=\"elementor-element elementor-element-22cdea14 e-con-full e-flex e-con e-child\" data-id=\"22cdea14\" data-element_type=\"container\">\n\t\t\t\t<div class=\"elementor-element elementor-element-4aae2198 elementor-widget elementor-widget-heading\" data-id=\"4aae2198\" data-element_type=\"widget\" data-widget_type=\"heading.default\">\n\t\t\t\t<div class=\"elementor-widget-container\">\n\t\t\t<h5 class=\"elementor-heading-title elementor-size-default\">About Us<\/h5>\t\t<\/div>\n\t\t\t\t<\/div>\n\t\t\t\t<div class=\"elementor-element elementor-element-3523e505 elementor-widget elementor-widget-heading\" data-id=\"3523e505\" data-element_type=\"widget\" data-widget_type=\"heading.default\">\n\t\t\t\t<div class=\"elementor-widget-container\">\n\t\t\t<h2 class=\"elementor-heading-title elementor-size-default\">Hizmet \u00d6ncesi \u00d6\u011fretmenlerin, Otizm Spektrum Bozuklu\u011fu Olan K\u00fc\u00e7\u00fck \u00c7ocuklar\u0131 Dijital Sosyal Hik\u00e2yelerle Destekleme Becerilerinin Geli\u015ftirilmesi<\/h2>\t\t<\/div>\n\t\t\t\t<\/div>\n\t\t\t\t<div class=\"elementor-element elementor-element-30629e04 elementor-widget elementor-widget-text-editor\" data-id=\"30629e04\" data-element_type=\"widget\" data-widget_type=\"text-editor.default\">\n\t\t\t\t<div class=\"elementor-widget-container\">\n\t\t\t\t\t\t\t<p>2024-1-PL01-KA220-HED-000246304<\/p><p>EARLY-ASD, \u00f6\u011fretmen adaylar\u0131n\u0131n erken m\u00fcdahale stratejileriyle Otizm Spektrum Bozuklu\u011fu (OSB) olan k\u00fc\u00e7\u00fck \u00e7ocuklar\u0131 desteklemelerini ama\u00e7layan yenilik\u00e7i bir Erasmus+ projesidir. Proje, kapsay\u0131c\u0131 ve etkili e\u011fitim uygulamalar\u0131n\u0131 sa\u011flamak i\u00e7in Avrupa&#8217;n\u0131n d\u00f6rt bir yan\u0131ndan deneyimli ortaklar\u0131 bir araya getirerek OSB&#8217;li \u00e7ocuklar\u0131n sosyal ve duygusal becerilerini geli\u015ftirmeye odaklanmaktad\u0131r.<\/p>\t\t\t\t\t\t<\/div>\n\t\t\t\t<\/div>\n\t\t\t\t<div class=\"elementor-element elementor-element-5b082664 elementor-widget elementor-widget-text-editor\" data-id=\"5b082664\" data-element_type=\"widget\" data-widget_type=\"text-editor.default\">\n\t\t\t\t<div class=\"elementor-widget-container\">\n\t\t\t\t\t\t\t<p>Birlikte, daha iyi bir gelecek i\u00e7in dijital d\u00f6n\u00fc\u015f\u00fcm\u00fc, kapsay\u0131c\u0131l\u0131\u011f\u0131 ve \u00f6\u011fretmen e\u011fitiminde m\u00fckemmelli\u011fi te\u015fvik etmeye \u00e7al\u0131\u015f\u0131yoruz.<\/p>\t\t\t\t\t\t<\/div>\n\t\t\t\t<\/div>\n\t\t\t\t<div class=\"elementor-element elementor-element-370f2f1 elementor-align-center elementor-widget elementor-widget-button\" data-id=\"370f2f1\" data-element_type=\"widget\" data-widget_type=\"button.default\">\n\t\t\t\t<div class=\"elementor-widget-container\">\n\t\t\t\t\t\t\t<div class=\"elementor-button-wrapper\">\n\t\t\t\t\t<a class=\"elementor-button elementor-button-link elementor-size-sm\" href=\"#\">\n\t\t\t\t\t\t<span class=\"elementor-button-content-wrapper\">\n\t\t\t\t\t\t\t\t\t<span class=\"elementor-button-text\">Daha fazla bilgi<\/span>\n\t\t\t\t\t<\/span>\n\t\t\t\t\t<\/a>\n\t\t\t\t<\/div>\n\t\t\t\t\t\t<\/div>\n\t\t\t\t<\/div>\n\t\t\t\t<\/div>\n\t\t\t\t\t<\/div>\n\t\t\t\t<\/div>\n\t\t<div class=\"elementor-element elementor-element-5072bc5b e-flex e-con-boxed e-con e-parent\" data-id=\"5072bc5b\" data-element_type=\"container\" data-settings=\"{&quot;background_background&quot;:&quot;classic&quot;}\">\n\t\t\t\t\t<div class=\"e-con-inner\">\n\t\t<div class=\"elementor-element elementor-element-5e2e1514 e-con-full e-flex e-con e-child\" data-id=\"5e2e1514\" data-element_type=\"container\">\n\t\t\t\t<\/div>\n\t\t\t\t<div class=\"elementor-element elementor-element-26b39008 elementor-widget elementor-widget-image-box\" data-id=\"26b39008\" data-element_type=\"widget\" data-widget_type=\"image-box.default\">\n\t\t\t\t<div class=\"elementor-widget-container\">\n\t\t\t<div class=\"elementor-image-box-wrapper\"><div class=\"elementor-image-box-content\"><h4 class=\"elementor-image-box-title\">Y\u00fcksek \u00d6\u011fretim Ders Program\u0131<\/h4><p class=\"elementor-image-box-description\">EARLY-ASD, dijital sosyal \u00f6yk\u00fcler olu\u015fturarak ve k\u00fc\u00e7\u00fck \u00e7ocuklara e\u011fitim verecek \u00f6\u011fretmen adaylar\u0131n\u0131 e\u011fiterek, OSB'li k\u00fc\u00e7\u00fck \u00e7ocuklar\u0131n sosyal ve duygusal becerilerinin geli\u015ftirilmesinde erken m\u00fcdahaleye \u00f6zel olarak odaklanan bir Y\u00fcksek\u00f6\u011fretim Ders M\u00fcfredat\u0131 geli\u015ftirmek ve pratik bir k\u0131lavuz g\u00f6revi g\u00f6recek bir el kitab\u0131 haz\u0131rlamak amac\u0131yla kurulmu\u015ftur.<br><br><h4 data-elementor-setting-key=\"title_text\" data-elementor-inline-editing-toolbar=\"none\" data-pen-placeholder=\"Buraya Yaz\u0131n...\" style=\"font-size: 1.41176rem; font-style: normal; outline-style: initial; outline-width: 0px;\">Kan\u0131ta Dayal\u0131 Erken M\u00fcdahale Stratejileri<\/h4>EARLY-ASD projesi, Otizm Spektrum Bozuklu\u011fu (OSB) olan k\u00fc\u00e7\u00fck \u00e7ocuklar\u0131n sosyal ve duygusal geli\u015fimini desteklemek i\u00e7in kan\u0131t temelli erken m\u00fcdahale stratejileri sunmay\u0131 ama\u00e7lamaktad\u0131r.<br><br><h4 data-elementor-setting-key=\"title_text\" data-elementor-inline-editing-toolbar=\"none\" data-pen-placeholder=\"Buraya Yaz\u0131n...\" style=\"font-size: 1.41176rem; font-style: normal; outline-style: initial; outline-width: 0px;\">Pratik Uygulama<\/h4>Proje ayr\u0131ca, dijital sosyal \u00f6yk\u00fcleri verimli bir \u015fekilde uygulamak i\u00e7in hizmet \u00f6ncesi \u00f6\u011fretmenlerin e\u011fitimine odaklanarak pratik uygulamay\u0131 sa\u011flamaktad\u0131r. EARLY-ASD, okul \u00f6ncesi ortamlarda yap\u0131land\u0131r\u0131lm\u0131\u015f bir pilot uygulama s\u00fcreciyle OSB'li \u00e7ocuklar\u0131n sosyal ve duygusal geli\u015fimini iyile\u015ftirmeyi ama\u00e7lamaktad\u0131r.<\/p><\/div><\/div>\t\t<\/div>\n\t\t\t\t<\/div>\n\t\t\t\t\t<\/div>\n\t\t\t\t<\/div>\n\t\t<div class=\"elementor-element elementor-element-1b77ca6f e-flex e-con-boxed e-con e-parent\" data-id=\"1b77ca6f\" data-element_type=\"container\">\n\t\t\t\t\t<div class=\"e-con-inner\">\n\t\t<div class=\"elementor-element elementor-element-6c2f61d1 e-con-full e-flex e-con e-child\" data-id=\"6c2f61d1\" data-element_type=\"container\">\n\t\t\t\t<div class=\"elementor-element elementor-element-ffa9ed elementor-widget elementor-widget-heading\" data-id=\"ffa9ed\" data-element_type=\"widget\" data-widget_type=\"heading.default\">\n\t\t\t\t<div class=\"elementor-widget-container\">\n\t\t\t<h2 class=\"elementor-heading-title elementor-size-default\">Proje Sonu\u00e7lar\u0131<\/h2>\t\t<\/div>\n\t\t\t\t<\/div>\n\t\t<div class=\"elementor-element elementor-element-76151514 e-flex e-con-boxed e-con e-child\" data-id=\"76151514\" data-element_type=\"container\">\n\t\t\t\t\t<div class=\"e-con-inner\">\n\t\t\t\t<div class=\"elementor-element elementor-element-bc69b3d elementor-widget__width-initial elementor-widget-mobile__width-inherit elementor-position-top elementor-widget elementor-widget-image-box\" data-id=\"bc69b3d\" data-element_type=\"widget\" data-widget_type=\"image-box.default\">\n\t\t\t\t<div class=\"elementor-widget-container\">\n\t\t\t<div class=\"elementor-image-box-wrapper\"><figure class=\"elementor-image-box-img\"><img fetchpriority=\"high\" decoding=\"async\" width=\"974\" height=\"1260\" src=\"https:\/\/earlyasd.eu\/web\/wp-content\/uploads\/2024\/12\/EARLY-ASD-2tablet.png\" class=\"attachment-full size-full wp-image-1012\" alt=\"\" srcset=\"https:\/\/earlyasd.eu\/web\/wp-content\/uploads\/2024\/12\/EARLY-ASD-2tablet.png 974w, https:\/\/earlyasd.eu\/web\/wp-content\/uploads\/2024\/12\/EARLY-ASD-2tablet-232x300.png 232w, https:\/\/earlyasd.eu\/web\/wp-content\/uploads\/2024\/12\/EARLY-ASD-2tablet-792x1024.png 792w, https:\/\/earlyasd.eu\/web\/wp-content\/uploads\/2024\/12\/EARLY-ASD-2tablet-768x994.png 768w\" sizes=\"(max-width: 974px) 100vw, 974px\" \/><\/figure><div class=\"elementor-image-box-content\"><h4 class=\"elementor-image-box-title\">Ders Program\u0131<\/h4><p class=\"elementor-image-box-description\">Y\u00fcksek \u00d6\u011fretim ders program\u0131, OSB'li okul \u00f6ncesi \u00e7ocuklar\u0131n sosyal ve duygusal becerilerinin geli\u015ftirilmesinde erken m\u00fcdahaleye \u00f6zel olarak odaklanmaktad\u0131r.<\/p><\/div><\/div>\t\t<\/div>\n\t\t\t\t<\/div>\n\t\t\t\t<div class=\"elementor-element elementor-element-9f8182a elementor-widget__width-initial elementor-widget-mobile__width-inherit elementor-position-top elementor-widget elementor-widget-image-box\" data-id=\"9f8182a\" data-element_type=\"widget\" data-widget_type=\"image-box.default\">\n\t\t\t\t<div class=\"elementor-widget-container\">\n\t\t\t<div class=\"elementor-image-box-wrapper\"><figure class=\"elementor-image-box-img\"><img decoding=\"async\" width=\"978\" height=\"1260\" src=\"https:\/\/earlyasd.eu\/web\/wp-content\/uploads\/2024\/12\/EARLY-ASD-4tablet.png\" class=\"attachment-full size-full wp-image-1018\" alt=\"\" srcset=\"https:\/\/earlyasd.eu\/web\/wp-content\/uploads\/2024\/12\/EARLY-ASD-4tablet.png 978w, https:\/\/earlyasd.eu\/web\/wp-content\/uploads\/2024\/12\/EARLY-ASD-4tablet-233x300.png 233w, https:\/\/earlyasd.eu\/web\/wp-content\/uploads\/2024\/12\/EARLY-ASD-4tablet-795x1024.png 795w, https:\/\/earlyasd.eu\/web\/wp-content\/uploads\/2024\/12\/EARLY-ASD-4tablet-768x989.png 768w\" sizes=\"(max-width: 978px) 100vw, 978px\" \/><\/figure><div class=\"elementor-image-box-content\"><h4 class=\"elementor-image-box-title\">Dijital Sosyal \u00d6yk\u00fcler<\/h4><p class=\"elementor-image-box-description\">Dijital sosyal \u00f6yk\u00fcler, sosyal ve duygusal ba\u011flamlar\u0131 anla\u015f\u0131l\u0131r bir \u015fekilde a\u00e7\u0131klayarak sosyal ve duygusal becerileri \u00f6\u011fretir ve \u00e7ocuklar\u0131n sosyal ba\u011flamlarda kar\u015f\u0131la\u015ft\u0131klar\u0131 zorluklarla ba\u015fa \u00e7\u0131kmalar\u0131na yard\u0131mc\u0131 olur.\n<\/p><\/div><\/div>\t\t<\/div>\n\t\t\t\t<\/div>\n\t\t\t\t<div class=\"elementor-element elementor-element-76bc854f elementor-widget__width-initial elementor-widget-mobile__width-inherit elementor-position-top elementor-widget elementor-widget-image-box\" data-id=\"76bc854f\" data-element_type=\"widget\" data-widget_type=\"image-box.default\">\n\t\t\t\t<div class=\"elementor-widget-container\">\n\t\t\t<div class=\"elementor-image-box-wrapper\"><figure class=\"elementor-image-box-img\"><img decoding=\"async\" width=\"978\" height=\"1260\" src=\"https:\/\/earlyasd.eu\/web\/wp-content\/uploads\/2024\/12\/EARLY-ASD-5tablet.png\" class=\"attachment-full size-full wp-image-1019\" alt=\"\" srcset=\"https:\/\/earlyasd.eu\/web\/wp-content\/uploads\/2024\/12\/EARLY-ASD-5tablet.png 978w, https:\/\/earlyasd.eu\/web\/wp-content\/uploads\/2024\/12\/EARLY-ASD-5tablet-233x300.png 233w, https:\/\/earlyasd.eu\/web\/wp-content\/uploads\/2024\/12\/EARLY-ASD-5tablet-795x1024.png 795w, https:\/\/earlyasd.eu\/web\/wp-content\/uploads\/2024\/12\/EARLY-ASD-5tablet-768x989.png 768w\" sizes=\"(max-width: 978px) 100vw, 978px\" \/><\/figure><div class=\"elementor-image-box-content\"><h4 class=\"elementor-image-box-title\">Uygulama Kitab\u0131<\/h4><p class=\"elementor-image-box-description\">\u201cOSB'li \u00e7ocuklar\u0131n sosyal ve duygusal geli\u015fimi i\u00e7in dijital sosyal \u00f6yk\u00fcler nas\u0131l kullan\u0131l\u0131r?\u201d konulu pratik rehber kitap\u00e7\u0131k.<\/p><\/div><\/div>\t\t<\/div>\n\t\t\t\t<\/div>\n\t\t\t\t\t<\/div>\n\t\t\t\t<\/div>\n\t\t\t\t<\/div>\n\t\t\t\t\t<\/div>\n\t\t\t\t<\/div>\n\t\t<div class=\"elementor-element elementor-element-380c8424 e-flex e-con-boxed e-con e-parent\" data-id=\"380c8424\" data-element_type=\"container\">\n\t\t\t\t\t<div class=\"e-con-inner\">\n\t\t\t\t<div class=\"elementor-element elementor-element-1a937b80 elementor-widget elementor-widget-elementskit-back-to-top\" data-id=\"1a937b80\" data-element_type=\"widget\" data-widget_type=\"elementskit-back-to-top.default\">\n\t\t\t\t<div class=\"elementor-widget-container\">\n\t\t\t<div class=\"ekit-wid-con\" >\t\t\t<div class=\"ekit-back-to-top-container ekit-btt icon_only\" data-settings=\"{&quot;offset_top&quot;:0,&quot;show_after&quot;:null,&quot;show_scroll&quot;:&quot;&quot;,&quot;style&quot;:&quot;icon_only&quot;,&quot;foreground&quot;:null,&quot;background&quot;:null}\"> \n\t\t\t\t<span class=\"ekit-btt__button \">\n\t\t\t\t\t<svg aria-hidden=\"true\" class=\"e-font-icon-svg e-fas-arrow-up\" viewBox=\"0 0 448 512\" xmlns=\"http:\/\/www.w3.org\/2000\/svg\"><path d=\"M34.9 289.5l-22.2-22.2c-9.4-9.4-9.4-24.6 0-33.9L207 39c9.4-9.4 24.6-9.4 33.9 0l194.3 194.3c9.4 9.4 9.4 24.6 0 33.9L413 289.4c-9.5 9.5-25 9.3-34.3-.4L264 168.6V456c0 13.3-10.7 24-24 24h-32c-13.3 0-24-10.7-24-24V168.6L69.2 289.1c-9.3 9.8-24.8 10-34.3.4z\"><\/path><\/svg>\t\t\t\t<\/span>\n\t\t\t<\/div>\n\t\t<\/div>\t\t<\/div>\n\t\t\t\t<\/div>\n\t\t\t\t\t<\/div>\n\t\t\t\t<\/div>\n\t\t\t\t<\/div>\n\t\t","protected":false},"excerpt":{"rendered":"<p>About Us Hizmet \u00d6ncesi \u00d6\u011fretmenlerin, Otizm Spektrum Bozuklu\u011fu Olan K\u00fc\u00e7\u00fck \u00c7ocuklar\u0131 Dijital Sosyal Hik\u00e2yelerle Destekleme Becerilerinin Geli\u015ftirilmesi 2024-1-PL01-KA220-HED-000246304 EARLY-ASD, \u00f6\u011fretmen adaylar\u0131n\u0131n erken m\u00fcdahale stratejileriyle Otizm Spektrum Bozuklu\u011fu (OSB) olan k\u00fc\u00e7\u00fck \u00e7ocuklar\u0131 desteklemelerini ama\u00e7layan yenilik\u00e7i bir Erasmus+ projesidir. Proje, kapsay\u0131c\u0131 ve etkili e\u011fitim uygulamalar\u0131n\u0131 sa\u011flamak i\u00e7in Avrupa&#8217;n\u0131n d\u00f6rt bir yan\u0131ndan deneyimli ortaklar\u0131 bir araya getirerek OSB&#8217;li [&hellip;]<\/p>\n","protected":false},"author":3,"featured_media":0,"parent":0,"menu_order":0,"comment_status":"closed","ping_status":"closed","template":"","meta":{"site-sidebar-layout":"no-sidebar","site-content-layout":"page-builder","ast-site-content-layout":"full-width-container","site-content-style":"unboxed","site-sidebar-style":"unboxed","ast-global-header-display":"","ast-banner-title-visibility":"","ast-main-header-display":"","ast-hfb-above-header-display":"","ast-hfb-below-header-display":"","ast-hfb-mobile-header-display":"","site-post-title":"disabled","ast-breadcrumbs-content":"","ast-featured-img":"disabled","footer-sml-layout":"","theme-transparent-header-meta":"enabled","adv-header-id-meta":"","stick-header-meta":"","header-above-stick-meta":"","header-main-stick-meta":"","header-below-stick-meta":"","astra-migrate-meta-layouts":"set","ast-page-background-enabled":"default","ast-page-background-meta":{"desktop":{"background-color":"","background-image":"","background-repeat":"repeat","background-position":"center center","background-size":"auto","background-attachment":"scroll","background-type":"","background-media":"","overlay-type":"","overlay-color":"","overlay-opacity":"","overlay-gradient":""},"tablet":{"background-color":"","background-image":"","background-repeat":"repeat","background-position":"center center","background-size":"auto","background-attachment":"scroll","background-type":"","background-media":"","overlay-type":"","overlay-color":"","overlay-opacity":"","overlay-gradient":""},"mobile":{"background-color":"","background-image":"","background-repeat":"repeat","background-position":"center center","background-size":"auto","background-attachment":"scroll","background-type":"","background-media":"","overlay-type":"","overlay-color":"","overlay-opacity":"","overlay-gradient":""}},"ast-content-background-meta":{"desktop":{"background-color":"var(--ast-global-color-5)","background-image":"","background-repeat":"repeat","background-position":"center center","background-size":"auto","background-attachment":"scroll","background-type":"","background-media":"","overlay-type":"","overlay-color":"","overlay-opacity":"","overlay-gradient":""},"tablet":{"background-color":"var(--ast-global-color-5)","background-image":"","background-repeat":"repeat","background-position":"center center","background-size":"auto","background-attachment":"scroll","background-type":"","background-media":"","overlay-type":"","overlay-color":"","overlay-opacity":"","overlay-gradient":""},"mobile":{"background-color":"var(--ast-global-color-5)","background-image":"","background-repeat":"repeat","background-position":"center center","background-size":"auto","background-attachment":"scroll","background-type":"","background-media":"","overlay-type":"","overlay-color":"","overlay-opacity":"","overlay-gradient":""}},"footnotes":""},"class_list":["post-1503","page","type-page","status-publish","hentry"],"_links":{"self":[{"href":"https:\/\/earlyasd.eu\/web\/wp-json\/wp\/v2\/pages\/1503","targetHints":{"allow":["GET"]}}],"collection":[{"href":"https:\/\/earlyasd.eu\/web\/wp-json\/wp\/v2\/pages"}],"about":[{"href":"https:\/\/earlyasd.eu\/web\/wp-json\/wp\/v2\/types\/page"}],"author":[{"embeddable":true,"href":"https:\/\/earlyasd.eu\/web\/wp-json\/wp\/v2\/users\/3"}],"replies":[{"embeddable":true,"href":"https:\/\/earlyasd.eu\/web\/wp-json\/wp\/v2\/comments?post=1503"}],"version-history":[{"count":13,"href":"https:\/\/earlyasd.eu\/web\/wp-json\/wp\/v2\/pages\/1503\/revisions"}],"predecessor-version":[{"id":1874,"href":"https:\/\/earlyasd.eu\/web\/wp-json\/wp\/v2\/pages\/1503\/revisions\/1874"}],"wp:attachment":[{"href":"https:\/\/earlyasd.eu\/web\/wp-json\/wp\/v2\/media?parent=1503"}],"curies":[{"name":"wp","href":"https:\/\/api.w.org\/{rel}","templated":true}]}}