{"id":1892,"date":"2025-10-29T15:18:48","date_gmt":"2025-10-29T15:18:48","guid":{"rendered":"https:\/\/earlyasd.eu\/web\/?page_id=1892"},"modified":"2025-12-12T17:49:56","modified_gmt":"2025-12-12T17:49:56","slug":"hakkinda","status":"publish","type":"page","link":"https:\/\/earlyasd.eu\/web\/tr\/hakkinda\/","title":{"rendered":"Hakk\u0131nda"},"content":{"rendered":"\t\t<div data-elementor-type=\"wp-post\" data-elementor-id=\"1892\" class=\"elementor elementor-1892\">\n\t\t\t\t<div class=\"elementor-element elementor-element-cbcf082 e-flex e-con-boxed e-con e-parent\" data-id=\"cbcf082\" data-element_type=\"container\" data-settings=\"{&quot;background_background&quot;:&quot;classic&quot;}\">\n\t\t\t\t\t<div class=\"e-con-inner\">\n\t\t<div class=\"elementor-element elementor-element-53c6f6a e-con-full e-flex e-con e-child\" data-id=\"53c6f6a\" data-element_type=\"container\">\n\t\t\t\t<\/div>\n\t\t\t\t\t<\/div>\n\t\t\t\t<\/div>\n\t\t<div class=\"elementor-element elementor-element-6841cc4 e-flex e-con-boxed e-con e-parent\" data-id=\"6841cc4\" data-element_type=\"container\">\n\t\t\t\t\t<div class=\"e-con-inner\">\n\t\t<div class=\"elementor-element elementor-element-8110956 e-con-full e-flex e-con e-child\" data-id=\"8110956\" data-element_type=\"container\">\n\t\t\t\t<div class=\"elementor-element elementor-element-876c1ed elementor-widget elementor-widget-heading\" data-id=\"876c1ed\" data-element_type=\"widget\" data-widget_type=\"heading.default\">\n\t\t\t\t<div class=\"elementor-widget-container\">\n\t\t\t<h5 class=\"elementor-heading-title elementor-size-default\">Hakk\u0131m\u0131zda<\/h5>\t\t<\/div>\n\t\t\t\t<\/div>\n\t\t\t\t<div class=\"elementor-element elementor-element-9dc7433 elementor-widget elementor-widget-heading\" data-id=\"9dc7433\" data-element_type=\"widget\" data-widget_type=\"heading.default\">\n\t\t\t\t<div class=\"elementor-widget-container\">\n\t\t\t<h2 class=\"elementor-heading-title elementor-size-default\">Erken \u00e7ocukluk d\u00f6neminden ba\u015flayarak OSB'li \u00e7ocuklar\u0131 desteklemeye adanm\u0131\u015f bir Erasmus+ proje konsorsiyumuyuz. <\/h2>\t\t<\/div>\n\t\t\t\t<\/div>\n\t\t\t\t<\/div>\n\t\t<div class=\"elementor-element elementor-element-2c4fa66 e-con-full e-flex e-con e-child\" data-id=\"2c4fa66\" data-element_type=\"container\">\n\t\t\t\t<div class=\"elementor-element elementor-element-12c8114 elementor-widget elementor-widget-heading\" data-id=\"12c8114\" data-element_type=\"widget\" data-widget_type=\"heading.default\">\n\t\t\t\t<div class=\"elementor-widget-container\">\n\t\t\t<h3 class=\"elementor-heading-title elementor-size-default\">Disiplinler Aras\u0131 Yakla\u015f\u0131m<\/h3>\t\t<\/div>\n\t\t\t\t<\/div>\n\t\t\t\t<div class=\"elementor-element elementor-element-8a9feb6 elementor-widget elementor-widget-text-editor\" data-id=\"8a9feb6\" data-element_type=\"widget\" data-widget_type=\"text-editor.default\">\n\t\t\t\t<div class=\"elementor-widget-container\">\n\t\t\t\t\t\t\t<p>EARLY-ASD, disiplinler aras\u0131 bir yakla\u015f\u0131ma sahiptir ve bir araya getirir:<br \/>&#8211; \u00d6zel E\u011fitim<br \/>&#8211; Erken \u00c7ocukluk E\u011fitimi ve Bak\u0131m\u0131 (E\u00c7EB)<br \/>&#8211; E\u011fitim Teknolojileri<br \/>Proje konsorsiyumu, \u00f6ncelikle \u00f6\u011fretmen e\u011fitiminde uzmanla\u015fm\u0131\u015f y\u00fcksek\u00f6\u011fretim kurumlar\u0131 aras\u0131nda ulusal ve<br \/>uluslararas\u0131 i\u015fbirli\u011fini art\u0131rmaya ve geli\u015ftirmeye \u00e7al\u0131\u015fmaktad\u0131r.<br \/>EARLY-ASD, otistik \u00e7ocuklar\u0131n sosyal ve duygusal geli\u015fimini desteklemek i\u00e7in \u00f6\u011fretmen adaylar\u0131n\u0131n e\u011fitimine odaklanarak bu kurumlar aras\u0131nda g\u00fc\u00e7l\u00fc bir i\u015fbirli\u011fi a\u011f\u0131 olu\u015fturmay\u0131 ama\u00e7lamaktad\u0131r. Bunu yaparken, proje gelece\u011fin \u00f6\u011fretmenlerinin e\u011fitimine katk\u0131da bulunacak ve i\u015fbirli\u011fi ve bilgi payla\u015f\u0131m\u0131n\u0131 te\u015fvik edecektir.<br \/><br \/><\/p><p>\u00a0<\/p>\t\t\t\t\t\t<\/div>\n\t\t\t\t<\/div>\n\t\t\t\t<\/div>\n\t\t\t\t\t<\/div>\n\t\t\t\t<\/div>\n\t\t<div class=\"elementor-element elementor-element-23802ce e-flex e-con-boxed e-con e-parent\" data-id=\"23802ce\" data-element_type=\"container\">\n\t\t\t\t\t<div class=\"e-con-inner\">\n\t\t\t\t<div class=\"elementor-element elementor-element-81746ab elementor-widget elementor-widget-elementskit-back-to-top\" data-id=\"81746ab\" data-element_type=\"widget\" data-widget_type=\"elementskit-back-to-top.default\">\n\t\t\t\t<div class=\"elementor-widget-container\">\n\t\t\t<div class=\"ekit-wid-con\" >\t\t\t<div class=\"ekit-back-to-top-container ekit-btt icon_only\" data-settings=\"{&quot;offset_top&quot;:0,&quot;show_after&quot;:null,&quot;show_scroll&quot;:&quot;&quot;,&quot;style&quot;:&quot;icon_only&quot;,&quot;foreground&quot;:null,&quot;background&quot;:null}\"> \n\t\t\t\t<span class=\"ekit-btt__button \">\n\t\t\t\t\t<svg aria-hidden=\"true\" class=\"e-font-icon-svg e-fas-arrow-up\" viewBox=\"0 0 448 512\" xmlns=\"http:\/\/www.w3.org\/2000\/svg\"><path d=\"M34.9 289.5l-22.2-22.2c-9.4-9.4-9.4-24.6 0-33.9L207 39c9.4-9.4 24.6-9.4 33.9 0l194.3 194.3c9.4 9.4 9.4 24.6 0 33.9L413 289.4c-9.5 9.5-25 9.3-34.3-.4L264 168.6V456c0 13.3-10.7 24-24 24h-32c-13.3 0-24-10.7-24-24V168.6L69.2 289.1c-9.3 9.8-24.8 10-34.3.4z\"><\/path><\/svg>\t\t\t\t<\/span>\n\t\t\t<\/div>\n\t\t<\/div>\t\t<\/div>\n\t\t\t\t<\/div>\n\t\t\t\t\t<\/div>\n\t\t\t\t<\/div>\n\t\t\t\t<\/div>\n\t\t","protected":false},"excerpt":{"rendered":"<p>Hakk\u0131m\u0131zda Erken \u00e7ocukluk d\u00f6neminden ba\u015flayarak OSB&#8217;li \u00e7ocuklar\u0131 desteklemeye adanm\u0131\u015f bir Erasmus+ proje konsorsiyumuyuz. Disiplinler Aras\u0131 Yakla\u015f\u0131m EARLY-ASD, disiplinler aras\u0131 bir yakla\u015f\u0131ma sahiptir ve bir araya getirir:&#8211; \u00d6zel E\u011fitim&#8211; Erken \u00c7ocukluk E\u011fitimi ve Bak\u0131m\u0131 (E\u00c7EB)&#8211; E\u011fitim TeknolojileriProje konsorsiyumu, \u00f6ncelikle \u00f6\u011fretmen e\u011fitiminde uzmanla\u015fm\u0131\u015f y\u00fcksek\u00f6\u011fretim kurumlar\u0131 aras\u0131nda ulusal veuluslararas\u0131 i\u015fbirli\u011fini art\u0131rmaya ve geli\u015ftirmeye \u00e7al\u0131\u015fmaktad\u0131r.EARLY-ASD, otistik \u00e7ocuklar\u0131n sosyal ve [&hellip;]<\/p>\n","protected":false},"author":3,"featured_media":0,"parent":0,"menu_order":0,"comment_status":"closed","ping_status":"closed","template":"","meta":{"site-sidebar-layout":"no-sidebar","site-content-layout":"page-builder","ast-site-content-layout":"full-width-container","site-content-style":"unboxed","site-sidebar-style":"unboxed","ast-global-header-display":"","ast-banner-title-visibility":"","ast-main-header-display":"","ast-hfb-above-header-display":"","ast-hfb-below-header-display":"","ast-hfb-mobile-header-display":"","site-post-title":"disabled","ast-breadcrumbs-content":"","ast-featured-img":"disabled","footer-sml-layout":"","theme-transparent-header-meta":"enabled","adv-header-id-meta":"","stick-header-meta":"","header-above-stick-meta":"","header-main-stick-meta":"","header-below-stick-meta":"","astra-migrate-meta-layouts":"set","ast-page-background-enabled":"default","ast-page-background-meta":{"desktop":{"background-color":"","background-image":"","background-repeat":"repeat","background-position":"center center","background-size":"auto","background-attachment":"scroll","background-type":"","background-media":"","overlay-type":"","overlay-color":"","overlay-opacity":"","overlay-gradient":""},"tablet":{"background-color":"","background-image":"","background-repeat":"repeat","background-position":"center center","background-size":"auto","background-attachment":"scroll","background-type":"","background-media":"","overlay-type":"","overlay-color":"","overlay-opacity":"","overlay-gradient":""},"mobile":{"background-color":"","background-image":"","background-repeat":"repeat","background-position":"center center","background-size":"auto","background-attachment":"scroll","background-type":"","background-media":"","overlay-type":"","overlay-color":"","overlay-opacity":"","overlay-gradient":""}},"ast-content-background-meta":{"desktop":{"background-color":"var(--ast-global-color-5)","background-image":"","background-repeat":"repeat","background-position":"center center","background-size":"auto","background-attachment":"scroll","background-type":"","background-media":"","overlay-type":"","overlay-color":"","overlay-opacity":"","overlay-gradient":""},"tablet":{"background-color":"var(--ast-global-color-5)","background-image":"","background-repeat":"repeat","background-position":"center center","background-size":"auto","background-attachment":"scroll","background-type":"","background-media":"","overlay-type":"","overlay-color":"","overlay-opacity":"","overlay-gradient":""},"mobile":{"background-color":"var(--ast-global-color-5)","background-image":"","background-repeat":"repeat","background-position":"center center","background-size":"auto","background-attachment":"scroll","background-type":"","background-media":"","overlay-type":"","overlay-color":"","overlay-opacity":"","overlay-gradient":""}},"footnotes":""},"class_list":["post-1892","page","type-page","status-publish","hentry"],"_links":{"self":[{"href":"https:\/\/earlyasd.eu\/web\/wp-json\/wp\/v2\/pages\/1892","targetHints":{"allow":["GET"]}}],"collection":[{"href":"https:\/\/earlyasd.eu\/web\/wp-json\/wp\/v2\/pages"}],"about":[{"href":"https:\/\/earlyasd.eu\/web\/wp-json\/wp\/v2\/types\/page"}],"author":[{"embeddable":true,"href":"https:\/\/earlyasd.eu\/web\/wp-json\/wp\/v2\/users\/3"}],"replies":[{"embeddable":true,"href":"https:\/\/earlyasd.eu\/web\/wp-json\/wp\/v2\/comments?post=1892"}],"version-history":[{"count":9,"href":"https:\/\/earlyasd.eu\/web\/wp-json\/wp\/v2\/pages\/1892\/revisions"}],"predecessor-version":[{"id":2900,"href":"https:\/\/earlyasd.eu\/web\/wp-json\/wp\/v2\/pages\/1892\/revisions\/2900"}],"wp:attachment":[{"href":"https:\/\/earlyasd.eu\/web\/wp-json\/wp\/v2\/media?parent=1892"}],"curies":[{"name":"wp","href":"https:\/\/api.w.org\/{rel}","templated":true}]}}